{"id":34,"date":"2016-05-12T11:08:11","date_gmt":"2016-05-12T09:08:11","guid":{"rendered":"https:\/\/klammerschraube.de\/?page_id=34"},"modified":"2024-11-13T16:06:01","modified_gmt":"2024-11-13T15:06:01","slug":"agb","status":"publish","type":"page","link":"https:\/\/klammerschraube.de\/en\/agb\/","title":{"rendered":"Terms and Conditions"},"content":{"rendered":"<div class=\"fusion-fullwidth fullwidth-box fusion-builder-row-1 hundred-percent-fullwidth non-hundred-percent-height-scrolling\" style=\"--awb-border-radius-top-left:0px;--awb-border-radius-top-right:0px;--awb-border-radius-bottom-right:0px;--awb-border-radius-bottom-left:0px;--awb-overflow:visible;\" ><div class=\"fusion-builder-row fusion-row\"><div class=\"fusion-layout-column fusion_builder_column fusion-builder-column-0 fusion_builder_column_1_1 1_1 fusion-one-full fusion-column-first fusion-column-last fusion-column-no-min-height\" style=\"--awb-bg-size:cover;\"><div class=\"fusion-column-wrapper fusion-flex-column-wrapper-legacy\"><div class=\"fusion-text fusion-text-1\"><p><\/p>\n<\/div><div class=\"fusion-clearfix\"><\/div><\/div><\/div><div class=\"fusion-layout-column fusion_builder_column fusion-builder-column-3 fusion_builder_column_1_1 1_1 fusion-one-full fusion-column-first fusion-column-last\" style=\"--awb-bg-size:cover;\"><div class=\"fusion-column-wrapper fusion-flex-column-wrapper-legacy\"><div class=\"fusion-text fusion-text-4\"><h1>Verkaufs-, Lieferungs- und Zahlungsbedingungen<\/h1>\n<p><strong>1. Geltungsbereich<\/strong><br \/>\nDie nachstehend aufgef\u00fchrten Bedingungen gelten f\u00fcr alle Vertr\u00e4ge, Lieferungen und sonstigen Leistungen. Nachtr\u00e4gliche Vertrags\u00e4nderungen und m\u00fcndliche Nebenabreden bed\u00fcrfen der schriftlichen Best\u00e4tigung unserer Gesch\u00e4ftsleitung oder eines Bevollm\u00e4chtigten, gleiches gilt f\u00fcr die Zusage von Lieferterminen. Mit der Bestellung oder Abnahme der Ware erkennt der K\u00e4ufer die Vertragsbedingungen an, auch wenn sie seinen eigenen Einkaufsbedingungen widersprechen.<\/p>\n<p><strong>2. Preise<\/strong><br \/>\nDie Preise in unserem g\u00fcltigen Katalog verstehen sich stets zuz\u00fcglich der gesetzlichen Mehrwertsteuer. Der von uns im Angebot unterbreitete Preis gilt nur bei sofortiger Bestellung. Angebote sind stets freibleibend. Etwaige Druckfehler, offensichtliche Irrt\u00fcmer und Rechenfehler verpflichten nicht zum Kauf. Artikelbeschreibungen, genannte Werte, Gewichte und technische Ausstattungen sind nicht verbindlich. Kurzfristige \u00c4nderungen und Erg\u00e4nzungen behalten wir uns vor.<\/p>\n<p><strong>3. Lieferbedingungen, Verzug, Unm\u00f6glichkeit der Lieferung<\/strong><br \/>\nSofern nichts anderes vereinbart, erfolgen Lieferungen ab Werk. Kosten f\u00fcr die Verpackung werden erhoben. Bei einen Bestellwert ab 3.000 Euro erfolgt eine Lieferung innerhalb Deutschlands transport- und verpackungskostenfrei. Im Einzelfall beh\u00e4lt sich der Auftragnehmer vor, vom K\u00e4ufer Anzahlungen oder Vorauszahlung zu verlangen. Lieferfristen beginnen mit dem Datum unserer Auftragsbest\u00e4tigung, jedoch nicht vor Kl\u00e4rung aller Ausf\u00fchrungseinzelheiten und aller sonstigen vom Kunden f\u00fcr die ordnungsgem\u00e4\u00dfe Abwicklung des Vertrages zu schaffenden Voraussetzungen. Entsprechendes gilt f\u00fcr Liefertermine. Der Lieferant ist zu Teillieferungen berechtigt. Die Lieferfrist verl\u00e4ngert sich angemessen bei Eintritt h\u00f6herer Gewalt und allen unvorhergesehenen, nach Vertragsabschluss eingetretenen Hindernissen, die der Verk\u00e4ufer nicht zu vertreten hat, z.B. Streiks, Transportschwierigkeiten, Rohstoffmangel. Schadenersatzanspr\u00fcche des K\u00e4ufers wegen von uns nicht vors\u00e4tzlich verursachter Versp\u00e4tung der Lieferung sind ausgeschlossen. Das Verstreichen bestimmter Lieferfristen und -termine befreit den K\u00e4ufer, der vom Vertrag zur\u00fccktreten oder Schadenersatz wegen Nichterf\u00fcllung verlangen will, nicht von der Setzung einer angemessenen Nachfrist zur Erbringung der Leistung und der Erkl\u00e4rung, dass er die Leistung nach Ablauf der Frist ablehnen werde. Das gilt nicht, soweit der Verk\u00e4ufer eine Frist oder einen Termin zur Leistung ausdr\u00fccklich und schriftlich verbindlich bezeichnet hat. F\u00fcr durch Verschulden seines Vorlieferanten verz\u00f6gerte oder unterbliebene Lieferung hat der Verk\u00e4ufer keinesfalls einzustehen.<\/p>\n<p><strong>4. Versand und Gefahr\u00fcbergang<\/strong><br \/>\nVersandweg und -mittel sind, wenn nicht anders vereinbart, der Wahl des Verk\u00e4ufers \u00fcberlassen. Die Ware wird auf Wunsch und Kosten des K\u00e4ufers versichert. Wird der Versand auf Wunsch oder aus Verschulden des K\u00e4ufers verz\u00f6gert, so lagert die Ware auf Kosten und Gefahr des K\u00e4ufers. In diesem Fall steht die Anzeige der Versandbereitschaft dem Versand gleich. Im \u00dcbrigen geht die Gefahr mit der \u00dcbergabe der Ware an einen Spediteur oder Frachtf\u00fchrer, sp\u00e4testens jedoch mit dem Verlassen des Lagers, auf den K\u00e4ufer \u00fcber.<\/p>\n<p><strong>5. Zahlung<\/strong><br \/>\nDie Zahlung erfolgt \u00fcber Scheck bzw. Einzahlung, ab Rechnungsdatum innerhalb von 10 Tagen mit 2% Skonto, innerhalb von 30 Tagen rein netto. Skonti werden nicht gew\u00e4hrt, wenn sich der Kunde mit der Bezahlung fr\u00fcherer Lieferungen im R\u00fcckstand befindet. Im Verzugsfall, ab dem 30. Tag nach dem Rechnungseingang, kann der K\u00e4ufer mit Verzugszinsen auf den Kaufpreis in H\u00f6he der S\u00e4tze, die unsere Banken f\u00fcr kurzfristige \u00dcberziehungen berechnen, belastet werden. Aufrechnungen und Zur\u00fcckhaltung sowie jeder Abzug (au\u00dfer Skonto) sind ausgeschlossen. Schecks werden nur angenommen und gelten als Barzahlung, wenn sie uns rechtzeitig zugehen und ihre Einl\u00f6sung innerhalb der angegebenen Zahlungsfrist erfolgen kann. Wechsel bed\u00fcrfen der vorherigen schriftlichen Einwilligung unserer Gesch\u00e4ftsleitung. Stellt der K\u00e4ufer seine Zahlung ein oder wird \u00fcber sein Verm\u00f6gen das Vergleichsverfahren oder Konkurs er\u00f6ffnet, wird auch im Falle einer Ratenzahlungsvereinbarung die gesamte Schuld einschlie\u00dflich Wechsel mit sp\u00e4teren Zahlungszielen sofort f\u00e4llig. Wir sind berechtigt, die nicht bezahlten Artikel wieder in Besitz zu nehmen. Der Erl\u00f6s aus dem Weiterverkauf wird dem K\u00e4ufer gutgeschrieben. Der K\u00e4ufer tr\u00e4gt die Kosten der Wiederinbetriebnahme.<\/p>\n<p><strong>6. Eigentumsvorbehalt<\/strong><br \/>\nUnsere Lieferungen erfolgen ausschlie\u00dflich unter Eigentumsvorbehalt (Vorbehaltsware). Das Eigentum geht erst dann auf den Kunden \u00fcber, wenn er seine gesamten Verbindlichkeiten (einschlie\u00dflich etwaiger Nebenforderungen) aus unseren Warenlieferungen getilgt hat. Sicherungs\u00fcbereignung und Verpf\u00e4ndung der Vorbehaltsware sind dem Kunden nicht gestattet. Falls der Kunde in Zahlungsverzug ger\u00e4t, sind wir berechtigt, die Herausgabe der Vorbehaltsware zu verlangen. Der Kunde ist zur Herausgabe der Vorbehaltsware an uns sowie dazu verpflichtet, uns die zur Geltendmachung unserer Rechte erforderlichen Ausk\u00fcnfte zu erteilen und Unterlagen auszuh\u00e4ndigen. Das Herausgabeverlangen gilt nicht als R\u00fccktritt vom Vertrag. Das gleiche gilt f\u00fcr die R\u00fccknahme der Vorbehaltsware. (\u00a7 947und \u00a7 948 BGB)<\/p>\n<p><strong>7. R\u00fccktritt<\/strong><br \/>\nL\u00f6st der K\u00e4ufer ohne Berechtigung den Kaufvertrag oder verweigert er die Annahme der Ware, ist er verpflichtet, dem Verk\u00e4ufer den entstandenen Schaden in H\u00f6he von 10% des Nettowarenwertes und die Kosten der Hin- und R\u00fcckfahrt zu ersetzen. Eine R\u00fccksendung der von uns gelieferten Ware durch den K\u00e4ufer bedarf der schriftlichen Einwilligung des Verk\u00e4ufers. Bei Zur\u00fccksendung der Ware ohne unsere Einwilligung sind wir zur Erteilung einer Gutschrift nicht verpflichtet.<\/p>\n<p><strong>8. R\u00fccknahme<\/strong><br \/>\nBei R\u00fccknahme oder Umtausch werden nur originalverpackte, lagerm\u00e4\u00dfig gef\u00fchrte Artikel mit h\u00f6chstens 90% des Nettowarenwertes gutgeschrieben. Hin- und R\u00fcckfracht gehen zu Lasten des K\u00e4ufers. Erfolgen R\u00fccksendungen ohne unser vorher ausdr\u00fcckliches Einverst\u00e4ndnis, k\u00f6nnen wir die Annahme verweigern. Die mit unserem Einverst\u00e4ndnis zur\u00fcckgesandte Ware muss sich in einwandfreiem Zustand befinden.<\/p>\n<p><strong>9. G\u00fcltigkeit<\/strong><br \/>\nSollte eine Bestimmung in diesen Allgemeinen Verkaufs-, Lieferungs- und Zahlungsbedingungen oder Vereinbarungen zwischen dem Kunden und uns unwirksam sein oder werden, so wird hiervon die Wirksamkeit aller sonstigen Bestimmungen oder Vereinbarungen nicht ber\u00fchrt.<\/p>\n<p><strong>10. Erf\u00fcllungsort und Gerichtsstand<\/strong><br \/>\nErf\u00fcllungsort f\u00fcr alle Pflichten des K\u00e4ufers ist Leipzig. Gerichtsstand f\u00fcr beide Teile ist Leipzig. F\u00fcr den Fall, dass Anspr\u00fcche im Wege des Mahnverfahrens geltend gemacht werden, wird als Gerichtsstand das Amtsgericht Leipzig vereinbart.<\/p>\n<\/div><div class=\"fusion-clearfix\"><\/div><\/div><\/div><div class=\"fusion-layout-column fusion_builder_column fusion-builder-column-4 fusion_builder_column_1_1 1_1 fusion-one-full fusion-column-first fusion-column-last fusion-column-no-min-height\" style=\"--awb-bg-size:cover;\"><div class=\"fusion-column-wrapper fusion-flex-column-wrapper-legacy\"><div class=\"fusion-clearfix\"><\/div><\/div><\/div><div class=\"fusion-layout-column fusion_builder_column fusion-builder-column-5 fusion_builder_column_1_1 1_1 fusion-one-full fusion-column-first fusion-column-last fusion-column-no-min-height\" style=\"--awb-bg-size:cover;\"><div class=\"fusion-column-wrapper fusion-flex-column-wrapper-legacy\"><div class=\"fusion-clearfix\"><\/div><\/div><\/div><div class=\"fusion-layout-column fusion_builder_column fusion-builder-column-6 fusion_builder_column_1_1 1_1 fusion-one-full fusion-column-first fusion-column-last fusion-column-no-min-height\" style=\"--awb-bg-size:cover;\"><div class=\"fusion-column-wrapper fusion-flex-column-wrapper-legacy\"><div class=\"fusion-clearfix\"><\/div><\/div><\/div><div class=\"fusion-layout-column fusion_builder_column fusion-builder-column-7 fusion_builder_column_1_1 1_1 fusion-one-full fusion-column-first fusion-column-last fusion-column-no-min-height\" style=\"--awb-bg-size:cover;\"><div class=\"fusion-column-wrapper fusion-flex-column-wrapper-legacy\"><div class=\"fusion-clearfix\"><\/div><\/div><\/div><\/div><\/div>","protected":false},"excerpt":{"rendered":"","protected":false},"author":3,"featured_media":0,"parent":0,"menu_order":0,"comment_status":"closed","ping_status":"closed","template":"","meta":{"footnotes":""},"class_list":["post-34","page","type-page","status-publish","hentry"],"_links":{"self":[{"href":"https:\/\/klammerschraube.de\/en\/wp-json\/wp\/v2\/pages\/34","targetHints":{"allow":["GET"]}}],"collection":[{"href":"https:\/\/klammerschraube.de\/en\/wp-json\/wp\/v2\/pages"}],"about":[{"href":"https:\/\/klammerschraube.de\/en\/wp-json\/wp\/v2\/types\/page"}],"author":[{"embeddable":true,"href":"https:\/\/klammerschraube.de\/en\/wp-json\/wp\/v2\/users\/3"}],"replies":[{"embeddable":true,"href":"https:\/\/klammerschraube.de\/en\/wp-json\/wp\/v2\/comments?post=34"}],"version-history":[{"count":8,"href":"https:\/\/klammerschraube.de\/en\/wp-json\/wp\/v2\/pages\/34\/revisions"}],"predecessor-version":[{"id":617,"href":"https:\/\/klammerschraube.de\/en\/wp-json\/wp\/v2\/pages\/34\/revisions\/617"}],"wp:attachment":[{"href":"https:\/\/klammerschraube.de\/en\/wp-json\/wp\/v2\/media?parent=34"}],"curies":[{"name":"wp","href":"https:\/\/api.w.org\/{rel}","templated":true}]}}