{"id":10,"date":"2016-05-11T15:04:23","date_gmt":"2016-05-11T13:04:23","guid":{"rendered":"https:\/\/klammerschraube.de\/?page_id=10"},"modified":"2024-11-12T13:21:02","modified_gmt":"2024-11-12T12:21:02","slug":"impressum","status":"publish","type":"page","link":"https:\/\/klammerschraube.de\/es\/impressum\/","title":{"rendered":"Aviso legal"},"content":{"rendered":"<div class=\"fusion-fullwidth fullwidth-box fusion-builder-row-1 hundred-percent-fullwidth non-hundred-percent-height-scrolling\" style=\"--awb-border-radius-top-left:0px;--awb-border-radius-top-right:0px;--awb-border-radius-bottom-right:0px;--awb-border-radius-bottom-left:0px;--awb-overflow:visible;\" ><div class=\"fusion-builder-row fusion-row\"><div class=\"fusion-layout-column fusion_builder_column fusion-builder-column-0 fusion_builder_column_1_1 1_1 fusion-one-full fusion-column-first fusion-column-last fusion-column-no-min-height\" style=\"--awb-bg-size:cover;\"><div class=\"fusion-column-wrapper fusion-flex-column-wrapper-legacy\"><div class=\"fusion-text fusion-text-1\"><p><\/p>\n<\/div><div class=\"fusion-clearfix\"><\/div><\/div><\/div><div class=\"fusion-layout-column fusion_builder_column fusion-builder-column-5 fusion_builder_column_1_1 1_1 fusion-one-full fusion-column-first fusion-column-last\" style=\"--awb-bg-size:cover;\"><div class=\"fusion-column-wrapper fusion-flex-column-wrapper-legacy\"><div class=\"fusion-text fusion-text-6\"><h1>Informaci\u00f3n conforme al art\u00edculo 5 de la Ley de Medios Televisivos de Alemania (TMG):<\/h1>\n<p><strong>Editor<\/strong><\/p>\n<p>Gerlach Zubehoertechnik GmbH<br \/>\nButtergasse 44-46<br \/>\n04249 Leipzig<\/p>\n<p><strong>Representado por:<\/strong><\/p>\n<p>Gerentes:<br \/>\nWolfgang Gerlach<br \/>\nJoachim Gerlach<\/p>\n<p><strong>Datos de contacto:<\/strong><\/p>\n<p>Tel\u00e9fono: +49 (341) 426160<br \/>\nFax: +49 (341) 4290290<br \/>\nE-Mail: <a href=\"mailto:info@gerlach-zubehoertechnik.de\">info@gerlach-zubehoertechnik.de<\/a><\/p>\n<p><strong>Inscripci\u00f3n en el registro:<\/strong><\/p>\n<p>Inscripci\u00f3n en el Registro Mercantil.<br \/>\nJuzgado de Registro: Juzgado de Primera Instancia e Instrucci\u00f3n de Leipzig<br \/>\nN\u00famero de Registro: HRB 1454<\/p>\n<p><strong>N\u00famero de IVA:<\/strong><\/p>\n<p>N\u00famero de identificaci\u00f3n del IVA conforme al art\u00edculo 27 a de la Ley del Impuesto sobre el Valor A\u00f1adido alemana:<br \/>\nDE141491224<\/p>\n<p>Fuente: Generador de Aviso Legal de e-recht24.de para Sociedad de Responsabilidad Limitada (GmbH).<\/p>\n<p><strong>Exenci\u00f3n de responsabilidad:<\/strong><\/p>\n<p>Responsabilidad por el contenido<\/p>\n<p>El contenido de nuestras p\u00e1ginas ha sido creado con el mayor cuidado. Sin embargo, no podemos garantizar la exactitud, integridad o vigencia de dicho contenido. Seg\u00fan el art\u00edculo 7, apartado 1 de la Ley de Medios Televisivos de Alemania (TMG), como proveedores de servicios, somos responsables de nuestro propio contenido en estas p\u00e1ginas de acuerdo con las leyes generales. No obstante, seg\u00fan los art\u00edculos 8 a 10 de esa misma ley, como proveedores de servicios no estamos obligados a supervisar informaci\u00f3n externa transmitida o almacenada, ni a investigar circunstancias que indiquen una actividad ilegal. La obligaci\u00f3n de eliminar o bloquear el uso de informaci\u00f3n de acuerdo con las leyes generales no se ve afectada. Sin embargo, es posible que exista una responsabilidad en este sentido a partir del momento en que se tenga conocimiento de una infracci\u00f3n legal clara. Si llegara a nuestro conocimiento que se est\u00e1 produciendo una infracci\u00f3n legal, eliminaremos dicho contenido de inmediato.<\/p>\n<p>Responsabilidad por los enlaces<\/p>\n<p>Nuestro sitio web contiene enlaces a p\u00e1ginas web externas de terceros, sobre cuyo contenido nosotros no tenemos ning\u00fan tipo de control. No podemos por lo tanto asumir ning\u00fan tipo de responsabilidad por dichos contenidos externos. El responsable de estos contenidos es siempre el proveedor u operador de cada sitio enlazado. Las p\u00e1ginas enlazadas fueron revisadas en el momento de la creaci\u00f3n del enlace para detectar posibles infracciones legales. En el momento de la creaci\u00f3n del enlace no se identificaron contenidos ilegales. No obstante, no es razonable exigir que se realice un control permanente de los contenidos de las p\u00e1ginas enlazadas si no existen indicios concretos de una infracci\u00f3n legal. Si llegara a nuestro conocimiento que se est\u00e1 produciendo una infracci\u00f3n legal, eliminaremos este tipo de enlaces de inmediato.<\/p>\n<p>Derechos de autor<\/p>\n<p>Los contenidos y obras creados por los operadores de este sitio est\u00e1n sujetos a la legislaci\u00f3n alemana sobre derechos de autor. La reproducci\u00f3n, modificaci\u00f3n, distribuci\u00f3n y cualquier tipo de uso fuera de los l\u00edmites de los derechos de autor requieren el consentimiento por escrito del respectivo autor o creador. S\u00f3lo se permite realizar descargas y copias de esta p\u00e1gina para uso privado y no comercial. En el caso de los contenidos de esta p\u00e1gina que no han sido creados por el operador, se respetan los derechos de autor de terceros. Los contenidos de terceros se identifican especialmente como tales. No obstante, si usted identifica una infracci\u00f3n de derechos de autor, le rogamos que nos lo comunique. Si llegara a nuestro conocimiento que se est\u00e1 produciendo una infracci\u00f3n legal, eliminaremos de inmediato esos contenidos.<\/p>\n<p>Protecci\u00f3n de datos<\/p>\n<p>Por lo general, se puede utilizar nuestra p\u00e1gina web sin proporcionar datos personales. Si se recopilan datos personales en nuestras p\u00e1ginas (como por ejemplo nombre, direcci\u00f3n o correos electr\u00f3nicos), se realizar\u00e1 siempre, en la medida de lo posible, de forma voluntaria. Estos datos no se transmitir\u00e1n a terceros sin su consentimiento expreso.<\/p>\n<p>Advertimos que la transmisi\u00f3n de datos en Internet (por ejemplo, en la comunicaci\u00f3n por medio de correo electr\u00f3nico) puede crear fallos de seguridad. No es posible garantizar una protecci\u00f3n completa de los datos contra el acceso de terceros.<\/p>\n<p>Se proh\u00edbe expresamente a terceros la utilizaci\u00f3n de los datos de contacto publicados en cumplimiento de la obligaci\u00f3n de aviso legal para el env\u00edo de publicidad o materiales informativos no solicitados. Los operadores del sitio se reservan expresamente el derecho de emprender acciones legales en caso de env\u00edo no solicitado de informaci\u00f3n publicitaria, como por ejemplo el env\u00edo de spam.<\/p>\n<p>Fuentes: Aviso legal de eRecht24, el portal de Derecho en Internet del abogado S\u00f6ren Siebert.<\/p>\n<p>Dise\u00f1o web\/implementaci\u00f3n t\u00e9cnica:<\/p>\n<p>AAIC Soft Systems GmbH<br \/>\n<a href=\"http:\/\/www.aaic.de\">www.aaic.de<\/a><\/p>\n<\/div><div class=\"fusion-clearfix\"><\/div><\/div><\/div><div class=\"fusion-layout-column fusion_builder_column fusion-builder-column-6 fusion_builder_column_1_1 1_1 fusion-one-full fusion-column-first fusion-column-last fusion-column-no-min-height\" style=\"--awb-bg-size:cover;\"><div class=\"fusion-column-wrapper fusion-flex-column-wrapper-legacy\"><div class=\"fusion-text fusion-text-7\"><p>","protected":false},"excerpt":{"rendered":"","protected":false},"author":3,"featured_media":0,"parent":0,"menu_order":0,"comment_status":"closed","ping_status":"closed","template":"","meta":{"footnotes":""},"class_list":["post-10","page","type-page","status-publish","hentry"],"_links":{"self":[{"href":"https:\/\/klammerschraube.de\/es\/wp-json\/wp\/v2\/pages\/10","targetHints":{"allow":["GET"]}}],"collection":[{"href":"https:\/\/klammerschraube.de\/es\/wp-json\/wp\/v2\/pages"}],"about":[{"href":"https:\/\/klammerschraube.de\/es\/wp-json\/wp\/v2\/types\/page"}],"author":[{"embeddable":true,"href":"https:\/\/klammerschraube.de\/es\/wp-json\/wp\/v2\/users\/3"}],"replies":[{"embeddable":true,"href":"https:\/\/klammerschraube.de\/es\/wp-json\/wp\/v2\/comments?post=10"}],"version-history":[{"count":5,"href":"https:\/\/klammerschraube.de\/es\/wp-json\/wp\/v2\/pages\/10\/revisions"}],"predecessor-version":[{"id":607,"href":"https:\/\/klammerschraube.de\/es\/wp-json\/wp\/v2\/pages\/10\/revisions\/607"}],"wp:attachment":[{"href":"https:\/\/klammerschraube.de\/es\/wp-json\/wp\/v2\/media?parent=10"}],"curies":[{"name":"wp","href":"https:\/\/api.w.org\/{rel}","templated":true}]}}