{"id":415,"date":"2020-06-11T12:01:24","date_gmt":"2020-06-11T10:01:24","guid":{"rendered":"https:\/\/klammerschraube.de\/?page_id=415"},"modified":"2026-03-10T13:31:43","modified_gmt":"2026-03-10T12:31:43","slug":"neubau-eines-logistikzentrums","status":"publish","type":"page","link":"https:\/\/klammerschraube.de\/es\/neubau-eines-logistikzentrums\/","title":{"rendered":"Nueva construcci\u00f3n de un centro log\u00edstico"},"content":{"rendered":"<div class=\"fusion-fullwidth fullwidth-box fusion-builder-row-1 hundred-percent-fullwidth non-hundred-percent-height-scrolling\" style=\"--awb-border-radius-top-left:0px;--awb-border-radius-top-right:0px;--awb-border-radius-bottom-right:0px;--awb-border-radius-bottom-left:0px;--awb-overflow:visible;\" ><div class=\"fusion-builder-row fusion-row\"><div class=\"fusion-layout-column fusion_builder_column fusion-builder-column-0 fusion_builder_column_1_1 1_1 fusion-one-full fusion-column-first fusion-column-last\" style=\"--awb-bg-size:cover;\"><div class=\"fusion-column-wrapper fusion-flex-column-wrapper-legacy\"><div class=\"fusion-text fusion-text-1\"><p><\/p>\n<\/div><div class=\"fusion-clearfix\"><\/div><\/div><\/div><div class=\"fusion-layout-column fusion_builder_column fusion-builder-column-7 fusion_builder_column_1_2 1_2 fusion-one-half fusion-column-first\" style=\"--awb-bg-size:cover;width:48%; margin-right: 4%;\"><div class=\"fusion-column-wrapper fusion-flex-column-wrapper-legacy\"><div class=\"fusion-text fusion-text-10\"><h2>Gro\u00dfzschocher Logistics Center<\/h2>\n<p>Despu\u00e9s de m\u00e1s de 100 a\u00f1os de historia empresarial familiar, hemos alcanzado los l\u00edmites de capacidad en nuestra ubicaci\u00f3n actual en Buttergasse \/ esquina Br\u00fcckenstra\u00dfe en Gro\u00dfzschocher. Por ello, hemos decidido construir un nuevo centro log\u00edstico para nuestra empresa.<\/p>\n<p>Estamos contentos de haber podido adquirir un terreno en las inmediaciones de nuestra sede hist\u00f3rica.<br \/>\nEl nuevo centro log\u00edstico se construir\u00e1 en la calle Gerhard\u2013Ellrodt en Gro\u00dfzschocher.<\/p>\n<p>Esta obra se financia parcialmente con fondos p\u00fablicos, basados en el presupuesto aprobado por el Parlamento de Sajonia.<\/p>\n<\/div><div class=\"fusion-image-element in-legacy-container\" style=\"--awb-caption-title-size:var(--h2_typography-font-size);--awb-caption-title-transform:var(--h2_typography-text-transform);--awb-caption-title-line-height:var(--h2_typography-line-height);--awb-caption-title-letter-spacing:var(--h2_typography-letter-spacing);\"><span class=\" fusion-imageframe imageframe-none imageframe-2 hover-type-none\"><img decoding=\"async\" width=\"300\" height=\"184\" alt=\"Mitfinanzierung durch die ESF\" title=\"SMWA_ESF_LO_Sachsen_2019_HOCH_RGB\" src=\"https:\/\/klammerschraube.de\/wp-content\/uploads\/2020\/06\/SMWA_ESF_LO_Sachsen_2019_HOCH_RGB-300x184.png\" class=\"img-responsive wp-image-416\" srcset=\"https:\/\/klammerschraube.de\/wp-content\/uploads\/2020\/06\/SMWA_ESF_LO_Sachsen_2019_HOCH_RGB-200x122.png 200w, https:\/\/klammerschraube.de\/wp-content\/uploads\/2020\/06\/SMWA_ESF_LO_Sachsen_2019_HOCH_RGB-400x245.png 400w, https:\/\/klammerschraube.de\/wp-content\/uploads\/2020\/06\/SMWA_ESF_LO_Sachsen_2019_HOCH_RGB-600x367.png 600w, https:\/\/klammerschraube.de\/wp-content\/uploads\/2020\/06\/SMWA_ESF_LO_Sachsen_2019_HOCH_RGB-800x490.png 800w, https:\/\/klammerschraube.de\/wp-content\/uploads\/2020\/06\/SMWA_ESF_LO_Sachsen_2019_HOCH_RGB.png 1157w\" sizes=\"(max-width: 800px) 100vw, 300px\" \/><\/span><\/div><div class=\"fusion-clearfix\"><\/div><\/div><\/div><div class=\"fusion-layout-column fusion_builder_column fusion-builder-column-8 fusion_builder_column_1_2 1_2 fusion-one-half fusion-column-last\" style=\"--awb-bg-size:cover;width:48%;\"><div class=\"fusion-column-wrapper fusion-flex-column-wrapper-legacy\"><div class=\"fusion-text fusion-text-11\"><div id=\"metaslider-id-448\" style=\"width: 100%; margin: 0 auto;\" class=\"ml-slider-3-105-0 metaslider metaslider-flex metaslider-448 ml-slider has-dots-nav ms-theme-highway\" role=\"region\" aria-label=\"Neubau Logistikzentrum\" data-height=\"650\" data-width=\"750\">\n    <div id=\"metaslider_container_448\">\n        <div id=\"metaslider_448\">\n            <ul class='slides'>\n                <li style=\"display: block; width: 100%;\" class=\"slide-449 ms-image \" aria-roledescription=\"slide\" data-date=\"2020-06-12 10:54:42\" data-filename=\"Neubau-des-Logistikzentrums-0-750x650.jpeg\" data-slide-type=\"image\"><img decoding=\"async\" src=\"https:\/\/klammerschraube.de\/wp-content\/uploads\/2020\/06\/Neubau-des-Logistikzentrums-0-750x650.jpeg\" height=\"650\" width=\"750\" alt=\"Draufsicht des neuen Gel\u00e4ndes\" class=\"slider-448 slide-449 msDefaultImage\" title=\"Neubau des Logistikzentrums\" \/><\/li>\n                <li style=\"display: none; width: 100%;\" class=\"slide-450 ms-image \" aria-roledescription=\"slide\" data-date=\"2020-06-12 10:54:43\" data-filename=\"Neubau-des-Logistikzentrums-1-750x650.jpeg\" data-slide-type=\"image\"><img decoding=\"async\" src=\"https:\/\/klammerschraube.de\/wp-content\/uploads\/2020\/06\/Neubau-des-Logistikzentrums-1-750x650.jpeg\" height=\"650\" width=\"750\" alt=\"Seitenansicht des neuen Gel\u00e4ndes\" class=\"slider-448 slide-450 msDefaultImage\" title=\"Neubau des Logistikzentrums\" \/><\/li>\n                <li style=\"display: none; width: 100%;\" class=\"slide-451 ms-image \" aria-roledescription=\"slide\" data-date=\"2020-06-12 10:54:43\" data-filename=\"Neubau-des-Logistikzentrums-2-750x650.jpg\" data-slide-type=\"image\"><img decoding=\"async\" src=\"https:\/\/klammerschraube.de\/wp-content\/uploads\/2020\/06\/Neubau-des-Logistikzentrums-2-750x650.jpg\" height=\"650\" width=\"750\" alt=\"Einsetzen der Paneele\" class=\"slider-448 slide-451 msDefaultImage\" title=\"Neubau des Logistikzentrums\" \/><\/li>\n                <li style=\"display: none; width: 100%;\" class=\"slide-452 ms-image \" aria-roledescription=\"slide\" data-date=\"2020-06-12 10:54:43\" data-filename=\"Neubau-des-Logistikzentrums-3-750x650.jpg\" data-slide-type=\"image\"><img decoding=\"async\" src=\"https:\/\/klammerschraube.de\/wp-content\/uploads\/2020\/06\/Neubau-des-Logistikzentrums-3-750x650.jpg\" height=\"650\" width=\"750\" alt=\"Einsetzen der Paneele\" class=\"slider-448 slide-452 msDefaultImage\" title=\"Neubau des Logistikzentrums\" \/><\/li>\n                <li style=\"display: none; width: 100%;\" class=\"slide-453 ms-image \" aria-roledescription=\"slide\" data-date=\"2020-06-12 10:54:43\" data-filename=\"Neubau-des-Logistikzentrums-4-750x650.jpeg\" data-slide-type=\"image\"><img decoding=\"async\" src=\"https:\/\/klammerschraube.de\/wp-content\/uploads\/2020\/06\/Neubau-des-Logistikzentrums-4-750x650.jpeg\" height=\"650\" width=\"750\" alt=\"Grundger\u00fcst des Logistikzentrums\" class=\"slider-448 slide-453 msDefaultImage\" title=\"Neubau des Logistikzentrums\" \/><\/li>\n                <li style=\"display: none; width: 100%;\" class=\"slide-454 ms-image \" aria-roledescription=\"slide\" data-date=\"2020-06-12 10:54:43\" data-filename=\"Neubau-des-Logistikzentrums-5-750x650.jpeg\" data-slide-type=\"image\"><img decoding=\"async\" src=\"https:\/\/klammerschraube.de\/wp-content\/uploads\/2020\/06\/Neubau-des-Logistikzentrums-5-750x650.jpeg\" height=\"650\" width=\"750\" alt=\"Logistikzentrums mit fertigem Vorder- und R\u00fcckpaneel\" class=\"slider-448 slide-454 msDefaultImage\" title=\"Neubau des Logistikzentrums\" \/><\/li>\n                <li style=\"display: none; width: 100%;\" class=\"slide-518 ms-image \" aria-roledescription=\"slide\" data-date=\"2024-08-19 12:22:36\" data-filename=\"Gerlach-Logistikzentrum-750x650.jpg\" data-slide-type=\"image\"><img decoding=\"async\" src=\"https:\/\/klammerschraube.de\/wp-content\/uploads\/2024\/08\/Gerlach-Logistikzentrum-750x650.jpg\" height=\"650\" width=\"750\" alt=\"Fertigstellung des Logistikzentrums\" class=\"slider-448 slide-518 msDefaultImage\" title=\"Gerlach-Logistikzentrum\" \/><\/li>\n            <\/ul>\n        <\/div>\n        \n    <\/div>\n<\/div>\n<\/div><div class=\"fusion-clearfix\"><\/div><\/div><\/div><div class=\"fusion-layout-column fusion_builder_column fusion-builder-column-9 fusion_builder_column_1_2 1_2 fusion-one-half fusion-column-first\" style=\"--awb-bg-size:cover;width:48%; margin-right: 4%;\"><div class=\"fusion-column-wrapper fusion-flex-column-wrapper-legacy\"><div class=\"fusion-text fusion-text-12\"><div id=\"metaslider-id-448\" style=\"width: 100%; margin: 0 auto;\" class=\"ml-slider-3-105-0 metaslider metaslider-flex metaslider-448 ml-slider has-dots-nav ms-theme-highway\" role=\"region\" aria-label=\"Neubau Logistikzentrum\" data-height=\"650\" data-width=\"750\">\n    <div id=\"metaslider_container_448\">\n        <div id=\"metaslider_448\">\n            <ul class='slides'>\n                <li style=\"display: block; width: 100%;\" class=\"slide-449 ms-image \" aria-roledescription=\"slide\" data-date=\"2020-06-12 10:54:42\" data-filename=\"Neubau-des-Logistikzentrums-0-750x650.jpeg\" data-slide-type=\"image\"><img decoding=\"async\" src=\"https:\/\/klammerschraube.de\/wp-content\/uploads\/2020\/06\/Neubau-des-Logistikzentrums-0-750x650.jpeg\" height=\"650\" width=\"750\" alt=\"Draufsicht des neuen Gel\u00e4ndes\" class=\"slider-448 slide-449 msDefaultImage\" title=\"Neubau des Logistikzentrums\" \/><\/li>\n                <li style=\"display: none; width: 100%;\" class=\"slide-450 ms-image \" aria-roledescription=\"slide\" data-date=\"2020-06-12 10:54:43\" data-filename=\"Neubau-des-Logistikzentrums-1-750x650.jpeg\" data-slide-type=\"image\"><img decoding=\"async\" src=\"https:\/\/klammerschraube.de\/wp-content\/uploads\/2020\/06\/Neubau-des-Logistikzentrums-1-750x650.jpeg\" height=\"650\" width=\"750\" alt=\"Seitenansicht des neuen Gel\u00e4ndes\" class=\"slider-448 slide-450 msDefaultImage\" title=\"Neubau des Logistikzentrums\" \/><\/li>\n                <li style=\"display: none; width: 100%;\" class=\"slide-451 ms-image \" aria-roledescription=\"slide\" data-date=\"2020-06-12 10:54:43\" data-filename=\"Neubau-des-Logistikzentrums-2-750x650.jpg\" data-slide-type=\"image\"><img decoding=\"async\" src=\"https:\/\/klammerschraube.de\/wp-content\/uploads\/2020\/06\/Neubau-des-Logistikzentrums-2-750x650.jpg\" height=\"650\" width=\"750\" alt=\"Einsetzen der Paneele\" class=\"slider-448 slide-451 msDefaultImage\" title=\"Neubau des Logistikzentrums\" \/><\/li>\n                <li style=\"display: none; width: 100%;\" class=\"slide-452 ms-image \" aria-roledescription=\"slide\" data-date=\"2020-06-12 10:54:43\" data-filename=\"Neubau-des-Logistikzentrums-3-750x650.jpg\" data-slide-type=\"image\"><img decoding=\"async\" src=\"https:\/\/klammerschraube.de\/wp-content\/uploads\/2020\/06\/Neubau-des-Logistikzentrums-3-750x650.jpg\" height=\"650\" width=\"750\" alt=\"Einsetzen der Paneele\" class=\"slider-448 slide-452 msDefaultImage\" title=\"Neubau des Logistikzentrums\" \/><\/li>\n                <li style=\"display: none; width: 100%;\" class=\"slide-453 ms-image \" aria-roledescription=\"slide\" data-date=\"2020-06-12 10:54:43\" data-filename=\"Neubau-des-Logistikzentrums-4-750x650.jpeg\" data-slide-type=\"image\"><img decoding=\"async\" src=\"https:\/\/klammerschraube.de\/wp-content\/uploads\/2020\/06\/Neubau-des-Logistikzentrums-4-750x650.jpeg\" height=\"650\" width=\"750\" alt=\"Grundger\u00fcst des Logistikzentrums\" class=\"slider-448 slide-453 msDefaultImage\" title=\"Neubau des Logistikzentrums\" \/><\/li>\n                <li style=\"display: none; width: 100%;\" class=\"slide-454 ms-image \" aria-roledescription=\"slide\" data-date=\"2020-06-12 10:54:43\" data-filename=\"Neubau-des-Logistikzentrums-5-750x650.jpeg\" data-slide-type=\"image\"><img decoding=\"async\" src=\"https:\/\/klammerschraube.de\/wp-content\/uploads\/2020\/06\/Neubau-des-Logistikzentrums-5-750x650.jpeg\" height=\"650\" width=\"750\" alt=\"Logistikzentrums mit fertigem Vorder- und R\u00fcckpaneel\" class=\"slider-448 slide-454 msDefaultImage\" title=\"Neubau des Logistikzentrums\" \/><\/li>\n                <li style=\"display: none; width: 100%;\" class=\"slide-518 ms-image \" aria-roledescription=\"slide\" data-date=\"2024-08-19 12:22:36\" data-filename=\"Gerlach-Logistikzentrum-750x650.jpg\" data-slide-type=\"image\"><img decoding=\"async\" src=\"https:\/\/klammerschraube.de\/wp-content\/uploads\/2024\/08\/Gerlach-Logistikzentrum-750x650.jpg\" height=\"650\" width=\"750\" alt=\"Fertigstellung des Logistikzentrums\" class=\"slider-448 slide-518 msDefaultImage\" title=\"Gerlach-Logistikzentrum\" \/><\/li>\n            <\/ul>\n        <\/div>\n        \n    <\/div>\n<\/div>\n<\/div><div class=\"fusion-clearfix\"><\/div><\/div><\/div><div class=\"fusion-layout-column fusion_builder_column fusion-builder-column-10 fusion_builder_column_1_1 1_1 fusion-one-full fusion-column-last\" style=\"--awb-bg-size:cover;\"><div class=\"fusion-column-wrapper fusion-flex-column-wrapper-legacy\"><div class=\"fusion-text fusion-text-13\"><p>","protected":false},"excerpt":{"rendered":"","protected":false},"author":3,"featured_media":0,"parent":0,"menu_order":0,"comment_status":"closed","ping_status":"closed","template":"","meta":{"footnotes":""},"class_list":["post-415","page","type-page","status-publish","hentry"],"_links":{"self":[{"href":"https:\/\/klammerschraube.de\/es\/wp-json\/wp\/v2\/pages\/415","targetHints":{"allow":["GET"]}}],"collection":[{"href":"https:\/\/klammerschraube.de\/es\/wp-json\/wp\/v2\/pages"}],"about":[{"href":"https:\/\/klammerschraube.de\/es\/wp-json\/wp\/v2\/types\/page"}],"author":[{"embeddable":true,"href":"https:\/\/klammerschraube.de\/es\/wp-json\/wp\/v2\/users\/3"}],"replies":[{"embeddable":true,"href":"https:\/\/klammerschraube.de\/es\/wp-json\/wp\/v2\/comments?post=415"}],"version-history":[{"count":42,"href":"https:\/\/klammerschraube.de\/es\/wp-json\/wp\/v2\/pages\/415\/revisions"}],"predecessor-version":[{"id":655,"href":"https:\/\/klammerschraube.de\/es\/wp-json\/wp\/v2\/pages\/415\/revisions\/655"}],"wp:attachment":[{"href":"https:\/\/klammerschraube.de\/es\/wp-json\/wp\/v2\/media?parent=415"}],"curies":[{"name":"wp","href":"https:\/\/api.w.org\/{rel}","templated":true}]}}