{"id":51,"date":"2016-05-12T13:07:54","date_gmt":"2016-05-12T11:07:54","guid":{"rendered":"https:\/\/klammerschraube.de\/?page_id=51"},"modified":"2024-11-12T11:03:03","modified_gmt":"2024-11-12T10:03:03","slug":"wir-ueber-uns","status":"publish","type":"page","link":"https:\/\/klammerschraube.de\/es\/wir-ueber-uns\/","title":{"rendered":"Sobre nosotros"},"content":{"rendered":"<div class=\"fusion-fullwidth fullwidth-box fusion-builder-row-1 hundred-percent-fullwidth non-hundred-percent-height-scrolling\" style=\"--awb-border-radius-top-left:0px;--awb-border-radius-top-right:0px;--awb-border-radius-bottom-right:0px;--awb-border-radius-bottom-left:0px;--awb-overflow:visible;\" ><div class=\"fusion-builder-row fusion-row\"><div class=\"fusion-layout-column fusion_builder_column fusion-builder-column-0 fusion_builder_column_1_1 1_1 fusion-one-full fusion-column-first fusion-column-last fusion-column-no-min-height\" style=\"--awb-bg-size:cover;\"><div class=\"fusion-column-wrapper fusion-flex-column-wrapper-legacy\"><div class=\"fusion-text fusion-text-1\"><p><\/p>\n<\/div><div class=\"fusion-clearfix\"><\/div><\/div><\/div><div class=\"fusion-layout-column fusion_builder_column fusion-builder-column-7 fusion_builder_column_3_4 3_4 fusion-three-fourth fusion-column-first\" style=\"--awb-bg-size:cover;width:74%; margin-right: 4%;\"><div class=\"fusion-column-wrapper fusion-flex-column-wrapper-legacy\"><div class=\"fusion-text fusion-text-8\"><h1>La empresa<\/h1>\n<p>Nuestra empresa se fund\u00f3 en 1910 como una peque\u00f1a empresa tradicional, especializada inicialmente en la fabricaci\u00f3n de equipamiento agr\u00edcola.<\/p>\n<p>A partir de 1950, la empresa se especializ\u00f3 en la producci\u00f3n de elementos de fijaci\u00f3n de acero redondo y hexagonal. La fabricaci\u00f3n de tornillos de garras para calderas y equipos a presi\u00f3n con superficie de contacto recta y tornillos de garras para calderas y equipos a presi\u00f3n con superficie de contacto redondeada se convirti\u00f3 en la actividad principal de la empresa. En 1972, la empresa fue nacionalizada por la fuerza y los propietarios fueron excluidos de la direcci\u00f3n.<\/p>\n<p>Durante el proceso de reprivatizaci\u00f3n de 1990 la empresa fue refundada como sociedad limitada. Inicialmente, la gama de productos inclu\u00eda elementos de fijaci\u00f3n para la industria de la construcci\u00f3n y la fabricaci\u00f3n de dep\u00f3sitos.<\/p>\n<p>La empresa cuenta con la certificaci\u00f3n alemana HP-0 desde 1992.<\/p>\n<p>En 1992, la empresa comenz\u00f3 a suministrar elementos de fijaci\u00f3n de producci\u00f3n propia al comercio mayorista de fontaner\u00eda y calefacci\u00f3n. La empresa Gerlach Zubeh\u00f6rtechnik figura en los listados de varias centrales de compra como proveedor integral.<\/p>\n<\/div><div class=\"fusion-clearfix\"><\/div><\/div><\/div><div class=\"fusion-layout-column fusion_builder_column fusion-builder-column-8 fusion_builder_column_1_4 1_4 fusion-one-fourth fusion-column-last\" style=\"--awb-bg-size:cover;width:22%;\"><div class=\"fusion-column-wrapper fusion-flex-column-wrapper-legacy\"><div class=\"fusion-text fusion-text-9\"><p><img decoding=\"async\" class=\"alignnone wp-image-272 size-full\" src=\"https:\/\/klammerschraube.de\/wp-content\/uploads\/2016\/05\/Edelstahlklammerschraube-handpoliert-1.jpg\" alt=\"Edelstahlklammerschraube handpoliert\" width=\"635\" height=\"1800\" srcset=\"https:\/\/klammerschraube.de\/wp-content\/uploads\/2016\/05\/Edelstahlklammerschraube-handpoliert-1-106x300.jpg 106w, https:\/\/klammerschraube.de\/wp-content\/uploads\/2016\/05\/Edelstahlklammerschraube-handpoliert-1-200x567.jpg 200w, https:\/\/klammerschraube.de\/wp-content\/uploads\/2016\/05\/Edelstahlklammerschraube-handpoliert-1-361x1024.jpg 361w, https:\/\/klammerschraube.de\/wp-content\/uploads\/2016\/05\/Edelstahlklammerschraube-handpoliert-1-400x1134.jpg 400w, https:\/\/klammerschraube.de\/wp-content\/uploads\/2016\/05\/Edelstahlklammerschraube-handpoliert-1-600x1701.jpg 600w, https:\/\/klammerschraube.de\/wp-content\/uploads\/2016\/05\/Edelstahlklammerschraube-handpoliert-1.jpg 635w\" sizes=\"(max-width: 635px) 100vw, 635px\" \/><\/p>\n<\/div><div class=\"fusion-clearfix\"><\/div><\/div><\/div><div class=\"fusion-layout-column fusion_builder_column fusion-builder-column-9 fusion_builder_column_1_1 1_1 fusion-one-full fusion-column-first fusion-column-last fusion-column-no-min-height\" style=\"--awb-bg-size:cover;\"><div class=\"fusion-column-wrapper fusion-flex-column-wrapper-legacy\"><div class=\"fusion-text fusion-text-10\"><p>","protected":false},"excerpt":{"rendered":"","protected":false},"author":3,"featured_media":0,"parent":0,"menu_order":0,"comment_status":"closed","ping_status":"closed","template":"","meta":{"footnotes":""},"class_list":["post-51","page","type-page","status-publish","hentry"],"_links":{"self":[{"href":"https:\/\/klammerschraube.de\/es\/wp-json\/wp\/v2\/pages\/51","targetHints":{"allow":["GET"]}}],"collection":[{"href":"https:\/\/klammerschraube.de\/es\/wp-json\/wp\/v2\/pages"}],"about":[{"href":"https:\/\/klammerschraube.de\/es\/wp-json\/wp\/v2\/types\/page"}],"author":[{"embeddable":true,"href":"https:\/\/klammerschraube.de\/es\/wp-json\/wp\/v2\/users\/3"}],"replies":[{"embeddable":true,"href":"https:\/\/klammerschraube.de\/es\/wp-json\/wp\/v2\/comments?post=51"}],"version-history":[{"count":4,"href":"https:\/\/klammerschraube.de\/es\/wp-json\/wp\/v2\/pages\/51\/revisions"}],"predecessor-version":[{"id":594,"href":"https:\/\/klammerschraube.de\/es\/wp-json\/wp\/v2\/pages\/51\/revisions\/594"}],"wp:attachment":[{"href":"https:\/\/klammerschraube.de\/es\/wp-json\/wp\/v2\/media?parent=51"}],"curies":[{"name":"wp","href":"https:\/\/api.w.org\/{rel}","templated":true}]}}