{"id":63,"date":"2016-05-12T14:19:22","date_gmt":"2016-05-12T12:19:22","guid":{"rendered":"https:\/\/klammerschraube.de\/?page_id=63"},"modified":"2024-11-12T11:07:44","modified_gmt":"2024-11-12T10:07:44","slug":"wulst-klammerschraube","status":"publish","type":"page","link":"https:\/\/klammerschraube.de\/es\/produkte\/wulst-klammerschraube\/","title":{"rendered":"Tornillo de sujeci\u00f3n del tal\u00f3n seg\u00fan DIN 25152"},"content":{"rendered":"<div class=\"fusion-fullwidth fullwidth-box fusion-builder-row-1 hundred-percent-fullwidth non-hundred-percent-height-scrolling\" style=\"--awb-border-radius-top-left:0px;--awb-border-radius-top-right:0px;--awb-border-radius-bottom-right:0px;--awb-border-radius-bottom-left:0px;--awb-overflow:visible;\" ><div class=\"fusion-builder-row fusion-row\"><div class=\"fusion-layout-column fusion_builder_column fusion-builder-column-0 fusion_builder_column_1_1 1_1 fusion-one-full fusion-column-first fusion-column-last fusion-column-no-min-height\" style=\"--awb-bg-size:cover;\"><div class=\"fusion-column-wrapper fusion-flex-column-wrapper-legacy\"><div class=\"fusion-text fusion-text-1\"><p><\/p>\n<\/div><div class=\"fusion-clearfix\"><\/div><\/div><\/div><div class=\"fusion-layout-column fusion_builder_column fusion-builder-column-7 fusion_builder_column_1_3 1_3 fusion-one-third fusion-column-first\" style=\"--awb-bg-size:cover;width:30.6666%; margin-right: 4%;\"><div class=\"fusion-column-wrapper fusion-flex-column-wrapper-legacy\"><div class=\"fusion-text fusion-text-8\"><p><a href=\"https:\/\/klammerschraube.de\/wp-content\/uploads\/2016\/06\/Wulst-Klammerschraube.jpg\"><img decoding=\"async\" class=\"alignnone size-full wp-image-279\" src=\"https:\/\/klammerschraube.de\/wp-content\/uploads\/2016\/06\/Wulst-Klammerschraube.jpg\" alt=\"Wulst-Klammerschraube\" width=\"580\" height=\"1776\" srcset=\"https:\/\/klammerschraube.de\/wp-content\/uploads\/2016\/06\/Wulst-Klammerschraube-98x300.jpg 98w, https:\/\/klammerschraube.de\/wp-content\/uploads\/2016\/06\/Wulst-Klammerschraube-200x612.jpg 200w, https:\/\/klammerschraube.de\/wp-content\/uploads\/2016\/06\/Wulst-Klammerschraube-334x1024.jpg 334w, https:\/\/klammerschraube.de\/wp-content\/uploads\/2016\/06\/Wulst-Klammerschraube-400x1225.jpg 400w, https:\/\/klammerschraube.de\/wp-content\/uploads\/2016\/06\/Wulst-Klammerschraube.jpg 580w\" sizes=\"(max-width: 580px) 100vw, 580px\" \/><\/a><\/p>\n<\/div><div class=\"fusion-clearfix\"><\/div><\/div><\/div><div class=\"fusion-layout-column fusion_builder_column fusion-builder-column-8 fusion_builder_column_2_3 2_3 fusion-two-third fusion-column-last\" style=\"--awb-bg-size:cover;width:65.3333%;\"><div class=\"fusion-column-wrapper fusion-flex-column-wrapper-legacy\"><div class=\"fusion-text fusion-text-9\"><a href=\"https:\/\/klammerschraube.de\/wp-content\/uploads\/2016\/05\/Wulst-Klammerschraube_nach_DIN_28152.pdf\" class=\"pdfemb-viewer\" style=\"\" data-width=\"max\" data-height=\"max\" data-toolbar=\"bottom\" data-toolbar-fixed=\"off\">Wulst-Klammerschraube_nach_DIN_28152<\/a>\n<\/div><div class=\"fusion-clearfix\"><\/div><\/div><\/div><div class=\"fusion-layout-column fusion_builder_column fusion-builder-column-9 fusion_builder_column_1_1 1_1 fusion-one-full fusion-column-first fusion-column-last fusion-column-no-min-height\" style=\"--awb-bg-size:cover;\"><div class=\"fusion-column-wrapper fusion-flex-column-wrapper-legacy\"><div class=\"fusion-text fusion-text-10\"><p>","protected":false},"excerpt":{"rendered":"","protected":false},"author":3,"featured_media":0,"parent":40,"menu_order":1,"comment_status":"closed","ping_status":"closed","template":"side-navigation.php","meta":{"footnotes":""},"class_list":["post-63","page","type-page","status-publish","hentry"],"_links":{"self":[{"href":"https:\/\/klammerschraube.de\/es\/wp-json\/wp\/v2\/pages\/63","targetHints":{"allow":["GET"]}}],"collection":[{"href":"https:\/\/klammerschraube.de\/es\/wp-json\/wp\/v2\/pages"}],"about":[{"href":"https:\/\/klammerschraube.de\/es\/wp-json\/wp\/v2\/types\/page"}],"author":[{"embeddable":true,"href":"https:\/\/klammerschraube.de\/es\/wp-json\/wp\/v2\/users\/3"}],"replies":[{"embeddable":true,"href":"https:\/\/klammerschraube.de\/es\/wp-json\/wp\/v2\/comments?post=63"}],"version-history":[{"count":5,"href":"https:\/\/klammerschraube.de\/es\/wp-json\/wp\/v2\/pages\/63\/revisions"}],"predecessor-version":[{"id":596,"href":"https:\/\/klammerschraube.de\/es\/wp-json\/wp\/v2\/pages\/63\/revisions\/596"}],"up":[{"embeddable":true,"href":"https:\/\/klammerschraube.de\/es\/wp-json\/wp\/v2\/pages\/40"}],"wp:attachment":[{"href":"https:\/\/klammerschraube.de\/es\/wp-json\/wp\/v2\/media?parent=63"}],"curies":[{"name":"wp","href":"https:\/\/api.w.org\/{rel}","templated":true}]}}