{"id":40,"date":"2016-05-12T11:33:40","date_gmt":"2016-05-12T09:33:40","guid":{"rendered":"https:\/\/klammerschraube.de\/?page_id=40"},"modified":"2024-11-12T11:05:33","modified_gmt":"2024-11-12T10:05:33","slug":"produkte","status":"publish","type":"page","link":"https:\/\/klammerschraube.de\/fr\/produkte\/","title":{"rendered":"Produits"},"content":{"rendered":"<div class=\"fusion-fullwidth fullwidth-box fusion-builder-row-1 hundred-percent-fullwidth non-hundred-percent-height-scrolling\" style=\"--awb-border-radius-top-left:0px;--awb-border-radius-top-right:0px;--awb-border-radius-bottom-right:0px;--awb-border-radius-bottom-left:0px;--awb-overflow:visible;\" ><div class=\"fusion-builder-row fusion-row\"><div class=\"fusion-layout-column fusion_builder_column fusion-builder-column-0 fusion_builder_column_1_1 1_1 fusion-one-full fusion-column-first fusion-column-last fusion-column-no-min-height\" style=\"--awb-bg-size:cover;\"><div class=\"fusion-column-wrapper fusion-flex-column-wrapper-legacy\"><div class=\"fusion-text fusion-text-1\"><p><\/p>\n<\/div><div class=\"fusion-clearfix\"><\/div><\/div><\/div><div class=\"fusion-layout-column fusion_builder_column fusion-builder-column-7 fusion_builder_column_1_1 1_1 fusion-one-full fusion-column-first fusion-column-last\" style=\"--awb-bg-size:cover;\"><div class=\"fusion-column-wrapper fusion-flex-column-wrapper-legacy\"><div class=\"fusion-text fusion-text-8\"><h1>Vue d\u2019ensemble des produits<\/h1>\n<p>Livraison avec rapports de contr\u00f4le des composants et certificats de r\u00e9ception T\u00dcV selon EN 10204 3.2<\/p>\n<\/div><div class=\"fusion-clearfix\"><\/div><\/div><\/div><\/div><\/div>","protected":false},"excerpt":{"rendered":"","protected":false},"author":3,"featured_media":0,"parent":0,"menu_order":0,"comment_status":"closed","ping_status":"closed","template":"side-navigation.php","meta":{"footnotes":""},"class_list":["post-40","page","type-page","status-publish","hentry"],"_links":{"self":[{"href":"https:\/\/klammerschraube.de\/fr\/wp-json\/wp\/v2\/pages\/40","targetHints":{"allow":["GET"]}}],"collection":[{"href":"https:\/\/klammerschraube.de\/fr\/wp-json\/wp\/v2\/pages"}],"about":[{"href":"https:\/\/klammerschraube.de\/fr\/wp-json\/wp\/v2\/types\/page"}],"author":[{"embeddable":true,"href":"https:\/\/klammerschraube.de\/fr\/wp-json\/wp\/v2\/users\/3"}],"replies":[{"embeddable":true,"href":"https:\/\/klammerschraube.de\/fr\/wp-json\/wp\/v2\/comments?post=40"}],"version-history":[{"count":5,"href":"https:\/\/klammerschraube.de\/fr\/wp-json\/wp\/v2\/pages\/40\/revisions"}],"predecessor-version":[{"id":595,"href":"https:\/\/klammerschraube.de\/fr\/wp-json\/wp\/v2\/pages\/40\/revisions\/595"}],"wp:attachment":[{"href":"https:\/\/klammerschraube.de\/fr\/wp-json\/wp\/v2\/media?parent=40"}],"curies":[{"name":"wp","href":"https:\/\/api.w.org\/{rel}","templated":true}]}}