{"id":51,"date":"2016-05-12T13:07:54","date_gmt":"2016-05-12T11:07:54","guid":{"rendered":"https:\/\/klammerschraube.de\/?page_id=51"},"modified":"2024-11-12T11:03:03","modified_gmt":"2024-11-12T10:03:03","slug":"wir-ueber-uns","status":"publish","type":"page","link":"https:\/\/klammerschraube.de\/fr\/wir-ueber-uns\/","title":{"rendered":"\u00c0 notre sujet"},"content":{"rendered":"<div class=\"fusion-fullwidth fullwidth-box fusion-builder-row-1 hundred-percent-fullwidth non-hundred-percent-height-scrolling\" style=\"--awb-border-radius-top-left:0px;--awb-border-radius-top-right:0px;--awb-border-radius-bottom-right:0px;--awb-border-radius-bottom-left:0px;--awb-overflow:visible;\" ><div class=\"fusion-builder-row fusion-row\"><div class=\"fusion-layout-column fusion_builder_column fusion-builder-column-0 fusion_builder_column_1_1 1_1 fusion-one-full fusion-column-first fusion-column-last fusion-column-no-min-height\" style=\"--awb-bg-size:cover;\"><div class=\"fusion-column-wrapper fusion-flex-column-wrapper-legacy\"><div class=\"fusion-text fusion-text-1\"><p><\/p>\n<\/div><div class=\"fusion-clearfix\"><\/div><\/div><\/div><div class=\"fusion-layout-column fusion_builder_column fusion-builder-column-10 fusion_builder_column_3_4 3_4 fusion-three-fourth fusion-column-first\" style=\"--awb-bg-size:cover;width:74%; margin-right: 4%;\"><div class=\"fusion-column-wrapper fusion-flex-column-wrapper-legacy\"><div class=\"fusion-text fusion-text-11\"><h1>L\u2019entreprise<\/h1>\n<p>Notre entreprise familiale traditionnelle a \u00e9t\u00e9 fond\u00e9e en 1910. Dans un premier temps, elle \u00e9tait sp\u00e9cialis\u00e9e dans la fabrication d\u2019appareils agricoles.<\/p>\n<p>\u00c0 partir de 1950, la fabrication de raccords \u00e0 partir d\u2019acier rond et hexagonal constituait le c\u0153ur du travail. La production de boulons \u00e0 crampons et \u00e0 griffes est devenue notre activit\u00e9 principale. En 1972, l\u2019entreprise a \u00e9t\u00e9 nationalis\u00e9e de force et les propri\u00e9taires ont \u00e9t\u00e9 exclus de la direction de l\u2019entreprise.<\/p>\n<p>Dans le cadre de la reprivatisation, une nouvelle soci\u00e9t\u00e9 \u00e0 responsabilit\u00e9 limit\u00e9e a \u00e9t\u00e9 cr\u00e9\u00e9e en 1990. Au d\u00e9part, la gamme de produits comprenait des articles d\u2019assemblage pour le secteur du b\u00e2timent et la construction de r\u00e9servoirs.<\/p>\n<p>Depuis 1992, l\u2019entreprise est certifi\u00e9e selon l\u2019homologation HP-0.<\/p>\n<p>Sur la base de sa propre production, l\u2019entreprise a commenc\u00e9 \u00e0 fournir des \u00e9l\u00e9ments de fixation aux grossistes en sanitaire et en chauffage \u00e0 partir de 1992. En tant que fournisseur complet, la soci\u00e9t\u00e9 Gerlach Zubeh\u00f6rtechnik est r\u00e9pertori\u00e9e dans diff\u00e9rentes associations d\u2019achat.<\/p>\n<\/div><div class=\"fusion-clearfix\"><\/div><\/div><\/div><div class=\"fusion-layout-column fusion_builder_column fusion-builder-column-11 fusion_builder_column_1_4 1_4 fusion-one-fourth fusion-column-last\" style=\"--awb-bg-size:cover;width:22%;\"><div class=\"fusion-column-wrapper fusion-flex-column-wrapper-legacy\"><div class=\"fusion-text fusion-text-12\"><p><img decoding=\"async\" class=\"alignnone wp-image-272 size-full\" src=\"https:\/\/klammerschraube.de\/wp-content\/uploads\/2016\/05\/Edelstahlklammerschraube-handpoliert-1.jpg\" alt=\"Edelstahlklammerschraube handpoliert\" width=\"635\" height=\"1800\" srcset=\"https:\/\/klammerschraube.de\/wp-content\/uploads\/2016\/05\/Edelstahlklammerschraube-handpoliert-1-106x300.jpg 106w, https:\/\/klammerschraube.de\/wp-content\/uploads\/2016\/05\/Edelstahlklammerschraube-handpoliert-1-200x567.jpg 200w, https:\/\/klammerschraube.de\/wp-content\/uploads\/2016\/05\/Edelstahlklammerschraube-handpoliert-1-361x1024.jpg 361w, https:\/\/klammerschraube.de\/wp-content\/uploads\/2016\/05\/Edelstahlklammerschraube-handpoliert-1-400x1134.jpg 400w, https:\/\/klammerschraube.de\/wp-content\/uploads\/2016\/05\/Edelstahlklammerschraube-handpoliert-1-600x1701.jpg 600w, https:\/\/klammerschraube.de\/wp-content\/uploads\/2016\/05\/Edelstahlklammerschraube-handpoliert-1.jpg 635w\" sizes=\"(max-width: 635px) 100vw, 635px\" \/><\/p>\n<\/div><div class=\"fusion-clearfix\"><\/div><\/div><\/div><\/div><\/div>","protected":false},"excerpt":{"rendered":"","protected":false},"author":3,"featured_media":0,"parent":0,"menu_order":0,"comment_status":"closed","ping_status":"closed","template":"","meta":{"footnotes":""},"class_list":["post-51","page","type-page","status-publish","hentry"],"_links":{"self":[{"href":"https:\/\/klammerschraube.de\/fr\/wp-json\/wp\/v2\/pages\/51","targetHints":{"allow":["GET"]}}],"collection":[{"href":"https:\/\/klammerschraube.de\/fr\/wp-json\/wp\/v2\/pages"}],"about":[{"href":"https:\/\/klammerschraube.de\/fr\/wp-json\/wp\/v2\/types\/page"}],"author":[{"embeddable":true,"href":"https:\/\/klammerschraube.de\/fr\/wp-json\/wp\/v2\/users\/3"}],"replies":[{"embeddable":true,"href":"https:\/\/klammerschraube.de\/fr\/wp-json\/wp\/v2\/comments?post=51"}],"version-history":[{"count":4,"href":"https:\/\/klammerschraube.de\/fr\/wp-json\/wp\/v2\/pages\/51\/revisions"}],"predecessor-version":[{"id":594,"href":"https:\/\/klammerschraube.de\/fr\/wp-json\/wp\/v2\/pages\/51\/revisions\/594"}],"wp:attachment":[{"href":"https:\/\/klammerschraube.de\/fr\/wp-json\/wp\/v2\/media?parent=51"}],"curies":[{"name":"wp","href":"https:\/\/api.w.org\/{rel}","templated":true}]}}